{"id":79,"date":"2019-08-26T11:42:36","date_gmt":"2019-08-26T11:42:36","guid":{"rendered":"https:\/\/trast.fi\/wordpress\/?page_id=79"},"modified":"2024-06-11T05:17:00","modified_gmt":"2024-06-11T05:17:00","slug":"__trashed-7","status":"publish","type":"page","link":"https:\/\/trast.fi\/","title":{"rendered":"Etusivu"},"content":{"rendered":"\t\t<div data-elementor-type=\"wp-page\" data-elementor-id=\"79\" class=\"elementor elementor-79\">\n\t\t\t\t\t\t<section class=\"elementor-section elementor-top-section elementor-element elementor-element-af05e6e elementor-section-height-min-height elementor-section-content-top elementor-section-items-bottom elementor-section-boxed elementor-section-height-default\" data-id=\"af05e6e\" data-element_type=\"section\" data-e-type=\"section\" data-settings=\"{&quot;background_background&quot;:&quot;classic&quot;}\">\n\t\t\t\t\t\t\t<div class=\"elementor-background-overlay\"><\/div>\n\t\t\t\t\t\t\t<div class=\"elementor-container elementor-column-gap-default\">\n\t\t\t\t\t<div class=\"elementor-column elementor-col-100 elementor-top-column elementor-element elementor-element-e3b00ff\" data-id=\"e3b00ff\" data-element_type=\"column\" data-e-type=\"column\">\n\t\t\t<div class=\"elementor-widget-wrap elementor-element-populated\">\n\t\t\t\t\t\t<div class=\"elementor-element elementor-element-f1d0369 elementor-widget-mobile__width-initial elementor-hidden-phone elementor-widget elementor-widget-heading\" data-id=\"f1d0369\" data-element_type=\"widget\" data-e-type=\"widget\" data-widget_type=\"heading.default\">\n\t\t\t\t<div class=\"elementor-widget-container\">\n\t\t\t\t\t<h2 class=\"elementor-heading-title elementor-size-default\">LAKIASIAINTOIMISTO \n<\/h2>\t\t\t\t<\/div>\n\t\t\t\t<\/div>\n\t\t\t\t<div class=\"elementor-element elementor-element-19459ee elementor-widget-mobile__width-initial elementor-widget elementor-widget-heading\" data-id=\"19459ee\" data-element_type=\"widget\" data-e-type=\"widget\" data-widget_type=\"heading.default\">\n\t\t\t\t<div class=\"elementor-widget-container\">\n\t\t\t\t\t<h3 class=\"elementor-heading-title elementor-size-default\">TRAST<\/h3>\t\t\t\t<\/div>\n\t\t\t\t<\/div>\n\t\t\t\t<div class=\"elementor-element elementor-element-7ed6cd9 elementor-widget elementor-widget-heading\" data-id=\"7ed6cd9\" data-element_type=\"widget\" data-e-type=\"widget\" data-widget_type=\"heading.default\">\n\t\t\t\t<div class=\"elementor-widget-container\">\n\t\t\t\t\t<h1 class=\"elementor-heading-title elementor-size-default\">Verosuunnittelu ja lakipalvelut\u200b\n<\/h1>\t\t\t\t<\/div>\n\t\t\t\t<\/div>\n\t\t\t\t<div class=\"elementor-element elementor-element-974de59 elementor-widget elementor-widget-heading\" data-id=\"974de59\" data-element_type=\"widget\" data-e-type=\"widget\" data-widget_type=\"heading.default\">\n\t\t\t\t<div class=\"elementor-widget-container\">\n\t\t\t\t\t<h1 class=\"elementor-heading-title elementor-size-default\">Verojuristi<\/h1>\t\t\t\t<\/div>\n\t\t\t\t<\/div>\n\t\t\t\t\t<\/div>\n\t\t<\/div>\n\t\t\t\t\t<\/div>\n\t\t<\/section>\n\t\t\t\t<section class=\"elementor-section elementor-top-section elementor-element elementor-element-756c277 elementor-section-boxed elementor-section-height-default elementor-section-height-default\" data-id=\"756c277\" data-element_type=\"section\" data-e-type=\"section\">\n\t\t\t\t\t\t<div class=\"elementor-container elementor-column-gap-default\">\n\t\t\t\t\t<div class=\"elementor-column elementor-col-100 elementor-top-column elementor-element elementor-element-f9b0a4a\" data-id=\"f9b0a4a\" data-element_type=\"column\" data-e-type=\"column\">\n\t\t\t<div class=\"elementor-widget-wrap elementor-element-populated\">\n\t\t\t\t\t\t<div class=\"elementor-element elementor-element-4ca0fd7 elementor-widget elementor-widget-text-editor\" data-id=\"4ca0fd7\" data-element_type=\"widget\" data-e-type=\"widget\" data-widget_type=\"text-editor.default\">\n\t\t\t\t<div class=\"elementor-widget-container\">\n\t\t\t\t\t\t\t\t\t<p><strong>PALVELUT<\/strong><\/p>\t\t\t\t\t\t\t\t<\/div>\n\t\t\t\t<\/div>\n\t\t\t\t\t<\/div>\n\t\t<\/div>\n\t\t\t\t\t<\/div>\n\t\t<\/section>\n\t\t\t\t<section class=\"elementor-section elementor-top-section elementor-element elementor-element-5567cc5 elementor-section-boxed elementor-section-height-default elementor-section-height-default\" data-id=\"5567cc5\" data-element_type=\"section\" data-e-type=\"section\">\n\t\t\t\t\t\t<div class=\"elementor-container elementor-column-gap-default\">\n\t\t\t\t\t<div class=\"elementor-column elementor-col-50 elementor-top-column elementor-element elementor-element-47a78e2\" data-id=\"47a78e2\" data-element_type=\"column\" data-e-type=\"column\">\n\t\t\t<div class=\"elementor-widget-wrap elementor-element-populated\">\n\t\t\t\t\t\t<div class=\"elementor-element elementor-element-6ae219e elementor-widget elementor-widget-text-editor\" data-id=\"6ae219e\" data-element_type=\"widget\" data-e-type=\"widget\" data-widget_type=\"text-editor.default\">\n\t\t\t\t<div class=\"elementor-widget-container\">\n\t\t\t\t\t\t\t\t\t<p><strong>YRITYKSILLE<\/strong><\/p><ul><li>Verokonsultointi-, neuvonta- ja lakipalvelut<\/li><li>Yrityksen perustaminen<\/li><li>Yhti\u00f6j\u00e4rjestys<\/li><li>Osakassopimus<\/li><li>Yritysj\u00e4rjestelyt<\/li><li>Sukupolvenvaihdokset<\/li><li>Verotehokas yrityksen purkaminen<\/li><li>Konsultointi yritystoiminnan muutostilanteissa<\/li><\/ul>\t\t\t\t\t\t\t\t<\/div>\n\t\t\t\t<\/div>\n\t\t\t\t\t<\/div>\n\t\t<\/div>\n\t\t\t\t<div class=\"elementor-column elementor-col-50 elementor-top-column elementor-element elementor-element-b88e10a\" data-id=\"b88e10a\" data-element_type=\"column\" data-e-type=\"column\">\n\t\t\t<div class=\"elementor-widget-wrap elementor-element-populated\">\n\t\t\t\t\t\t<div class=\"elementor-element elementor-element-38653b7 elementor-widget elementor-widget-text-editor\" data-id=\"38653b7\" data-element_type=\"widget\" data-e-type=\"widget\" data-widget_type=\"text-editor.default\">\n\t\t\t\t<div class=\"elementor-widget-container\">\n\t\t\t\t\t\t\t\t\t<p><strong>YKSITYISHENKIL\u00d6ILLE<\/strong><\/p><ul><li>Ulkomaille muutto ja hakeutuminen rajoitetusti verovelvolliseksi<\/li><li>Ulkomailta saatujen tulojen verotus Suomessa<\/li><li>Muutoksenhaku verohallinnon p\u00e4\u00e4t\u00f6ksiin<\/li><li>Perint\u00f6verosuunnittelu ja lahjoitukset<\/li><li>Testamentti, uusperheiden testamentit<\/li><li>Avioehdot ja ositussopimukset<\/li><li>Perunkirjoitus ja perinn\u00f6njako<\/li><li>Edunvalvontavaltuutukset, edunvalvojan sijaisuudet<\/li><li>Kiinteist\u00f6j\u00e4rjestelyt<\/li><\/ul>\t\t\t\t\t\t\t\t<\/div>\n\t\t\t\t<\/div>\n\t\t\t\t\t<\/div>\n\t\t<\/div>\n\t\t\t\t\t<\/div>\n\t\t<\/section>\n\t\t\t\t<section class=\"elementor-section elementor-top-section elementor-element elementor-element-5af7f31 elementor-section-boxed elementor-section-height-default elementor-section-height-default\" data-id=\"5af7f31\" data-element_type=\"section\" data-e-type=\"section\">\n\t\t\t\t\t\t<div class=\"elementor-container elementor-column-gap-default\">\n\t\t\t\t\t<div class=\"elementor-column elementor-col-100 elementor-top-column elementor-element elementor-element-82ccb57\" data-id=\"82ccb57\" data-element_type=\"column\" data-e-type=\"column\">\n\t\t\t<div class=\"elementor-widget-wrap elementor-element-populated\">\n\t\t\t\t\t\t<div class=\"elementor-element elementor-element-a3a0866 elementor-widget-divider--view-line elementor-widget elementor-widget-divider\" data-id=\"a3a0866\" data-element_type=\"widget\" data-e-type=\"widget\" data-widget_type=\"divider.default\">\n\t\t\t\t<div class=\"elementor-widget-container\">\n\t\t\t\t\t\t\t<div class=\"elementor-divider\">\n\t\t\t<span class=\"elementor-divider-separator\">\n\t\t\t\t\t\t<\/span>\n\t\t<\/div>\n\t\t\t\t\t\t<\/div>\n\t\t\t\t<\/div>\n\t\t\t\t\t<\/div>\n\t\t<\/div>\n\t\t\t\t\t<\/div>\n\t\t<\/section>\n\t\t\t\t<section class=\"elementor-section elementor-top-section elementor-element elementor-element-0ec178a elementor-section-boxed elementor-section-height-default elementor-section-height-default\" data-id=\"0ec178a\" data-element_type=\"section\" data-e-type=\"section\">\n\t\t\t\t\t\t<div class=\"elementor-container elementor-column-gap-default\">\n\t\t\t\t\t<div class=\"elementor-column elementor-col-100 elementor-top-column elementor-element elementor-element-586e4fa\" data-id=\"586e4fa\" data-element_type=\"column\" data-e-type=\"column\">\n\t\t\t<div class=\"elementor-widget-wrap elementor-element-populated\">\n\t\t\t\t\t\t<div class=\"elementor-element elementor-element-79fb7d8 elementor-widget elementor-widget-text-editor\" data-id=\"79fb7d8\" data-element_type=\"widget\" data-e-type=\"widget\" data-widget_type=\"text-editor.default\">\n\t\t\t\t<div class=\"elementor-widget-container\">\n\t\t\t\t\t\t\t\t\t<p><span style=\"caret-color: #54595f; color: #54595f; font-weight: bold;\">LUE LIS\u00c4\u00c4 SEURAAVISTA AIHEISTA:<\/span><\/p><ul><li>Sijoittaja, miten varmistat sijoitustesi p\u00e4\u00e4tymisen perillisillesi? <a href=\"https:\/\/trast.fi\/index.php\/sijoittaja\/\">Lue lis\u00e4\u00e4..<\/a><\/li><li>Mit\u00e4 tapahtuu, kun uusperheen vanhempi kuolee? <a href=\"https:\/\/trast.fi\/index.php\/mita-tapahtuu-kun-uusperheen-vanhempi-kuolee\/\">Lue lis\u00e4\u00e4..<\/a><\/li><li>Paljonko testamentti maksaa? <a href=\"https:\/\/trast.fi\/index.php\/elementor-529\">Lue lis\u00e4\u00e4..<\/a><\/li><li>Perint\u00f6vero ja voiko siihen vaikuttaa? <a href=\"https:\/\/trast.fi\/index.php\/artikeleita\/\">Lue lis\u00e4\u00e4..<\/a><\/li><\/ul><p><span style=\"caret-color: #54595f; color: #54595f; font-weight: bold;\">\u00a0<\/span><\/p>\t\t\t\t\t\t\t\t<\/div>\n\t\t\t\t<\/div>\n\t\t\t\t\t<\/div>\n\t\t<\/div>\n\t\t\t\t\t<\/div>\n\t\t<\/section>\n\t\t\t\t<section class=\"elementor-section elementor-top-section elementor-element elementor-element-fa37f73 elementor-section-boxed elementor-section-height-default elementor-section-height-default\" data-id=\"fa37f73\" data-element_type=\"section\" data-e-type=\"section\" data-settings=\"{&quot;background_background&quot;:&quot;classic&quot;}\">\n\t\t\t\t\t\t<div class=\"elementor-container elementor-column-gap-default\">\n\t\t\t\t\t<div class=\"elementor-column elementor-col-50 elementor-top-column elementor-element elementor-element-70f8640\" data-id=\"70f8640\" data-element_type=\"column\" data-e-type=\"column\">\n\t\t\t<div class=\"elementor-widget-wrap elementor-element-populated\">\n\t\t\t\t\t\t<div class=\"elementor-element elementor-element-a32e6c3 elementor-widget elementor-widget-image\" data-id=\"a32e6c3\" data-element_type=\"widget\" data-e-type=\"widget\" data-widget_type=\"image.default\">\n\t\t\t\t<div class=\"elementor-widget-container\">\n\t\t\t\t\t\t\t\t\t\t\t\t\t\t\t<img data-opt-id=1611352823  fetchpriority=\"high\" decoding=\"async\" width=\"4480\" height=\"6105\" src=\"https:\/\/mlzxus0mbcli.i.optimole.com\/w:792\/h:1080\/q:mauto\/f:best\/https:\/\/trast.fi\/wordpress\/wp-content\/uploads\/2019\/07\/OUTI_TRAST_1532_H.jpg\" class=\"attachment-medium_large size-medium_large wp-image-18\" alt=\"Outi Trast, OTM\" srcset=\"https:\/\/mlzxus0mbcli.i.optimole.com\/w:792\/h:1080\/q:mauto\/f:best\/https:\/\/trast.fi\/wordpress\/wp-content\/uploads\/2019\/07\/OUTI_TRAST_1532_H.jpg 4480w, https:\/\/mlzxus0mbcli.i.optimole.com\/w:220\/h:300\/q:mauto\/f:best\/https:\/\/trast.fi\/wordpress\/wp-content\/uploads\/2019\/07\/OUTI_TRAST_1532_H.jpg 220w, https:\/\/mlzxus0mbcli.i.optimole.com\/w:768\/h:1047\/q:mauto\/f:best\/https:\/\/trast.fi\/wordpress\/wp-content\/uploads\/2019\/07\/OUTI_TRAST_1532_H.jpg 768w, https:\/\/mlzxus0mbcli.i.optimole.com\/w:751\/h:1024\/q:mauto\/f:best\/https:\/\/trast.fi\/wordpress\/wp-content\/uploads\/2019\/07\/OUTI_TRAST_1532_H.jpg 751w, https:\/\/mlzxus0mbcli.i.optimole.com\/w:792\/h:1080\/q:mauto\/f:best\/https:\/\/trast.fi\/wordpress\/wp-content\/uploads\/2019\/07\/OUTI_TRAST_1532_H.jpg 1568w\" sizes=\"(max-width: 1200px) 100vw, 1200px\" \/>\t\t\t\t\t\t\t\t\t\t\t\t\t\t\t<\/div>\n\t\t\t\t<\/div>\n\t\t\t\t\t<\/div>\n\t\t<\/div>\n\t\t\t\t<div class=\"elementor-column elementor-col-50 elementor-top-column elementor-element elementor-element-a2cc7e6\" data-id=\"a2cc7e6\" data-element_type=\"column\" data-e-type=\"column\">\n\t\t\t<div class=\"elementor-widget-wrap elementor-element-populated\">\n\t\t\t\t\t\t<div class=\"elementor-element elementor-element-f942ee0 elementor-widget elementor-widget-text-editor\" data-id=\"f942ee0\" data-element_type=\"widget\" data-e-type=\"widget\" data-widget_type=\"text-editor.default\">\n\t\t\t\t<div class=\"elementor-widget-container\">\n\t\t\t\t\t\t\t\t\t<p><strong>LAKIASIAINTOIMISTO TRAST OY<\/strong><\/p><p>Tornitaso 1 A 34 (6.krs), 02120 Espoo<\/p><p>040-5035574<\/p><p>outi.trast@trast.fi<\/p><p>Tapaamiset ajanvarauksella.<\/p><p>Kaikki palvelut my\u00f6s s\u00e4hk\u00f6postin, puhelimen ja Teamsin ym v\u00e4lityksell\u00e4.<\/p>\t\t\t\t\t\t\t\t<\/div>\n\t\t\t\t<\/div>\n\t\t\t\t<div class=\"elementor-element elementor-element-df5129e elementor-shape-square elementor-grid-0 e-grid-align-center elementor-widget elementor-widget-social-icons\" data-id=\"df5129e\" data-element_type=\"widget\" data-e-type=\"widget\" data-widget_type=\"social-icons.default\">\n\t\t\t\t<div class=\"elementor-widget-container\">\n\t\t\t\t\t\t\t<div class=\"elementor-social-icons-wrapper elementor-grid\">\n\t\t\t\t\t\t\t<span class=\"elementor-grid-item\">\n\t\t\t\t\t<a class=\"elementor-icon elementor-social-icon elementor-social-icon- elementor-repeater-item-9c0aeb0\" target=\"_blank\">\n\t\t\t\t\t\t<span class=\"elementor-screen-only\"><\/span>\n\t\t\t\t\t\t\t\t\t\t\t<\/a>\n\t\t\t\t<\/span>\n\t\t\t\t\t<\/div>\n\t\t\t\t\t\t<\/div>\n\t\t\t\t<\/div>\n\t\t\t\t\t<\/div>\n\t\t<\/div>\n\t\t\t\t\t<\/div>\n\t\t<\/section>\n\t\t\t\t<\/div>\n\t\t","protected":false},"excerpt":{"rendered":"<p>LAKIASIAINTOIMISTO TRAST Verosuunnittelu ja lakipalvelut\u200b Verojuristi PALVELUT YRITYKSILLE Verokonsultointi-, neuvonta- ja lakipalvelut Yrityksen perustaminen Yhti\u00f6j\u00e4rjestys Osakassopimus Yritysj\u00e4rjestelyt Sukupolvenvaihdokset Verotehokas yrityksen purkaminen Konsultointi yritystoiminnan muutostilanteissa YKSITYISHENKIL\u00d6ILLE Ulkomaille muutto ja hakeutuminen rajoitetusti verovelvolliseksi Ulkomailta saatujen tulojen verotus Suomessa Muutoksenhaku verohallinnon p\u00e4\u00e4t\u00f6ksiin Perint\u00f6verosuunnittelu ja lahjoitukset Testamentti, uusperheiden testamentit Avioehdot ja ositussopimukset Perunkirjoitus ja perinn\u00f6njako Edunvalvontavaltuutukset, edunvalvojan sijaisuudet Kiinteist\u00f6j\u00e4rjestelyt&hellip;&nbsp;<a href=\"https:\/\/trast.fi\/\" rel=\"bookmark\">Lue lis\u00e4\u00e4 &raquo;<span class=\"screen-reader-text\">Etusivu<\/span><\/a><\/p>\n","protected":false},"author":1,"featured_media":0,"parent":0,"menu_order":0,"comment_status":"closed","ping_status":"closed","template":"page-templates\/template-pagebuilder-full-width.php","meta":{"_monsterinsights_skip_tracking":false,"_monsterinsights_sitenote_active":false,"_monsterinsights_sitenote_note":"","_monsterinsights_sitenote_category":0,"neve_meta_sidebar":"","neve_meta_container":"","neve_meta_enable_content_width":"","neve_meta_content_width":70,"neve_meta_title_alignment":"","neve_meta_author_avatar":"","neve_post_elements_order":"","neve_meta_disable_header":"","neve_meta_disable_footer":"","neve_meta_disable_title":"","_themeisle_gutenberg_block_has_review":false,"footnotes":""},"class_list":["post-79","page","type-page","status-publish","hentry"],"yoast_head":"<!-- This site is optimized with the Yoast SEO plugin v27.6 - https:\/\/yoast.com\/product\/yoast-seo-wordpress\/ -->\n<title>Lakiasiaintoimisto Trast Oy - Veroasiaintuntija<\/title>\n<meta name=\"description\" content=\"Verosuunnittelu ja lakipalvelut yrityksille ja yksityishenkil\u00f6ille. Perint\u00f6verosuunnittelu, testamentti ja perunkirjoitus.\" \/>\n<meta name=\"robots\" content=\"index, follow, max-snippet:-1, max-image-preview:large, max-video-preview:-1\" \/>\n<link rel=\"canonical\" href=\"https:\/\/trast.fi\/\" \/>\n<meta property=\"og:locale\" content=\"fi_FI\" \/>\n<meta property=\"og:type\" content=\"article\" \/>\n<meta property=\"og:title\" content=\"Lakiasiaintoimisto Trast Oy - Veroasiaintuntija\" \/>\n<meta property=\"og:description\" content=\"Verosuunnittelu ja lakipalvelut yrityksille ja yksityishenkil\u00f6ille. Perint\u00f6verosuunnittelu, testamentti ja perunkirjoitus.\" \/>\n<meta property=\"og:url\" content=\"https:\/\/trast.fi\/\" \/>\n<meta property=\"og:site_name\" content=\"Lakiasiaintoimisto Trast Oy\" \/>\n<meta property=\"article:modified_time\" content=\"2024-06-11T05:17:00+00:00\" \/>\n<meta property=\"og:image\" content=\"https:\/\/mlzxus0mbcli.i.optimole.com\/w:768\/h:1047\/q:mauto\/f:best\/https:\/\/trast.fi\/wordpress\/wp-content\/uploads\/2019\/07\/OUTI_TRAST_1532_H.jpg\" \/>\n<meta name=\"twitter:card\" content=\"summary_large_image\" \/>\n<meta name=\"twitter:label1\" content=\"Arvioitu lukuaika\" \/>\n\t<meta name=\"twitter:data1\" content=\"1 minuutti\" \/>\n<script type=\"application\/ld+json\" class=\"yoast-schema-graph\">{\"@context\":\"https:\\\/\\\/schema.org\",\"@graph\":[{\"@type\":\"WebPage\",\"@id\":\"https:\\\/\\\/trast.fi\\\/\",\"url\":\"https:\\\/\\\/trast.fi\\\/\",\"name\":\"Lakiasiaintoimisto Trast Oy - Veroasiaintuntija\",\"isPartOf\":{\"@id\":\"https:\\\/\\\/trast.fi\\\/#website\"},\"primaryImageOfPage\":{\"@id\":\"https:\\\/\\\/trast.fi\\\/#primaryimage\"},\"image\":{\"@id\":\"https:\\\/\\\/trast.fi\\\/#primaryimage\"},\"thumbnailUrl\":\"https:\\/\\/trast.fi\\/wordpress\\/wp-content\\/uploads\\/2019\\/07\\/OUTI_TRAST_1532_H-768x1047.jpg\",\"datePublished\":\"2019-08-26T11:42:36+00:00\",\"dateModified\":\"2024-06-11T05:17:00+00:00\",\"description\":\"Verosuunnittelu ja lakipalvelut yrityksille ja yksityishenkil\u00f6ille. Perint\u00f6verosuunnittelu, testamentti ja perunkirjoitus.\",\"breadcrumb\":{\"@id\":\"https:\\\/\\\/trast.fi\\\/#breadcrumb\"},\"inLanguage\":\"fi\",\"potentialAction\":[{\"@type\":\"ReadAction\",\"target\":[\"https:\\\/\\\/trast.fi\\\/\"]}]},{\"@type\":\"ImageObject\",\"inLanguage\":\"fi\",\"@id\":\"https:\\\/\\\/trast.fi\\\/#primaryimage\",\"url\":\"https:\\/\\/trast.fi\\/wordpress\\/wp-content\\/uploads\\/2019\\/07\\/OUTI_TRAST_1532_H.jpg\",\"contentUrl\":\"https:\\/\\/trast.fi\\/wordpress\\/wp-content\\/uploads\\/2019\\/07\\/OUTI_TRAST_1532_H.jpg\",\"width\":4480,\"height\":6105,\"caption\":\"Outi Trast, OTM\"},{\"@type\":\"BreadcrumbList\",\"@id\":\"https:\\\/\\\/trast.fi\\\/#breadcrumb\",\"itemListElement\":[{\"@type\":\"ListItem\",\"position\":1,\"name\":\"Home\",\"item\":\"https:\\\/\\\/trast.fi\\\/\"},{\"@type\":\"ListItem\",\"position\":2,\"name\":\"Etusivu\"}]},{\"@type\":\"WebSite\",\"@id\":\"https:\\\/\\\/trast.fi\\\/#website\",\"url\":\"https:\\\/\\\/trast.fi\\\/\",\"name\":\"LTSO Trast Oy\",\"description\":\"Verojuristi Veroasiantuntija\",\"publisher\":{\"@id\":\"https:\\\/\\\/trast.fi\\\/#organization\"},\"potentialAction\":[{\"@type\":\"SearchAction\",\"target\":{\"@type\":\"EntryPoint\",\"urlTemplate\":\"https:\\\/\\\/trast.fi\\\/?s={search_term_string}\"},\"query-input\":{\"@type\":\"PropertyValueSpecification\",\"valueRequired\":true,\"valueName\":\"search_term_string\"}}],\"inLanguage\":\"fi\"},{\"@type\":\"Organization\",\"@id\":\"https:\\\/\\\/trast.fi\\\/#organization\",\"name\":\"Lakiasiaintoimisto Trast Oy\",\"url\":\"https:\\\/\\\/trast.fi\\\/\",\"logo\":{\"@type\":\"ImageObject\",\"inLanguage\":\"fi\",\"@id\":\"https:\\\/\\\/trast.fi\\\/#\\\/schema\\\/logo\\\/image\\\/\",\"url\":\"https:\\/\\/trast.fi\\/wordpress\\/wp-content\\/uploads\\/2019\\/08\\/image.png\",\"contentUrl\":\"https:\\/\\/trast.fi\\/wordpress\\/wp-content\\/uploads\\/2019\\/08\\/image.png\",\"width\":2500,\"height\":2500,\"caption\":\"Lakiasiaintoimisto Trast Oy\"},\"image\":{\"@id\":\"https:\\\/\\\/trast.fi\\\/#\\\/schema\\\/logo\\\/image\\\/\"}}]}<\/script>\n<!-- \/ Yoast SEO plugin. -->","yoast_head_json":{"title":"Lakiasiaintoimisto Trast Oy - Veroasiaintuntija","description":"Verosuunnittelu ja lakipalvelut yrityksille ja yksityishenkil\u00f6ille. Perint\u00f6verosuunnittelu, testamentti ja perunkirjoitus.","robots":{"index":"index","follow":"follow","max-snippet":"max-snippet:-1","max-image-preview":"max-image-preview:large","max-video-preview":"max-video-preview:-1"},"canonical":"https:\/\/trast.fi\/","og_locale":"fi_FI","og_type":"article","og_title":"Lakiasiaintoimisto Trast Oy - Veroasiaintuntija","og_description":"Verosuunnittelu ja lakipalvelut yrityksille ja yksityishenkil\u00f6ille. Perint\u00f6verosuunnittelu, testamentti ja perunkirjoitus.","og_url":"https:\/\/trast.fi\/","og_site_name":"Lakiasiaintoimisto Trast Oy","article_modified_time":"2024-06-11T05:17:00+00:00","og_image":[{"url":"https:\/\/mlzxus0mbcli.i.optimole.com\/w:768\/h:1047\/q:mauto\/f:best\/https:\/\/trast.fi\/wordpress\/wp-content\/uploads\/2019\/07\/OUTI_TRAST_1532_H.jpg","type":"","width":"","height":""}],"twitter_card":"summary_large_image","twitter_misc":{"Arvioitu lukuaika":"1 minuutti"},"schema":{"@context":"https:\/\/schema.org","@graph":[{"@type":"WebPage","@id":"https:\/\/trast.fi\/","url":"https:\/\/trast.fi\/","name":"Lakiasiaintoimisto Trast Oy - Veroasiaintuntija","isPartOf":{"@id":"https:\/\/trast.fi\/#website"},"primaryImageOfPage":{"@id":"https:\/\/trast.fi\/#primaryimage"},"image":{"@id":"https:\/\/trast.fi\/#primaryimage"},"thumbnailUrl":"https:\/\/mlzxus0mbcli.i.optimole.com\/w:768\/h:1047\/q:mauto\/f:best\/https:\/\/trast.fi\/wordpress\/wp-content\/uploads\/2019\/07\/OUTI_TRAST_1532_H.jpg","datePublished":"2019-08-26T11:42:36+00:00","dateModified":"2024-06-11T05:17:00+00:00","description":"Verosuunnittelu ja lakipalvelut yrityksille ja yksityishenkil\u00f6ille. Perint\u00f6verosuunnittelu, testamentti ja perunkirjoitus.","breadcrumb":{"@id":"https:\/\/trast.fi\/#breadcrumb"},"inLanguage":"fi","potentialAction":[{"@type":"ReadAction","target":["https:\/\/trast.fi\/"]}]},{"@type":"ImageObject","inLanguage":"fi","@id":"https:\/\/trast.fi\/#primaryimage","url":"https:\/\/mlzxus0mbcli.i.optimole.com\/w:auto\/h:auto\/q:mauto\/f:best\/https:\/\/trast.fi\/wordpress\/wp-content\/uploads\/2019\/07\/OUTI_TRAST_1532_H.jpg","contentUrl":"https:\/\/mlzxus0mbcli.i.optimole.com\/w:auto\/h:auto\/q:mauto\/f:best\/https:\/\/trast.fi\/wordpress\/wp-content\/uploads\/2019\/07\/OUTI_TRAST_1532_H.jpg","width":4480,"height":6105,"caption":"Outi Trast, OTM"},{"@type":"BreadcrumbList","@id":"https:\/\/trast.fi\/#breadcrumb","itemListElement":[{"@type":"ListItem","position":1,"name":"Home","item":"https:\/\/trast.fi\/"},{"@type":"ListItem","position":2,"name":"Etusivu"}]},{"@type":"WebSite","@id":"https:\/\/trast.fi\/#website","url":"https:\/\/trast.fi\/","name":"LTSO Trast Oy","description":"Verojuristi Veroasiantuntija","publisher":{"@id":"https:\/\/trast.fi\/#organization"},"potentialAction":[{"@type":"SearchAction","target":{"@type":"EntryPoint","urlTemplate":"https:\/\/trast.fi\/?s={search_term_string}"},"query-input":{"@type":"PropertyValueSpecification","valueRequired":true,"valueName":"search_term_string"}}],"inLanguage":"fi"},{"@type":"Organization","@id":"https:\/\/trast.fi\/#organization","name":"Lakiasiaintoimisto Trast Oy","url":"https:\/\/trast.fi\/","logo":{"@type":"ImageObject","inLanguage":"fi","@id":"https:\/\/trast.fi\/#\/schema\/logo\/image\/","url":"https:\/\/mlzxus0mbcli.i.optimole.com\/w:auto\/h:auto\/q:mauto\/f:best\/https:\/\/trast.fi\/wordpress\/wp-content\/uploads\/2019\/08\/image.png","contentUrl":"https:\/\/mlzxus0mbcli.i.optimole.com\/w:auto\/h:auto\/q:mauto\/f:best\/https:\/\/trast.fi\/wordpress\/wp-content\/uploads\/2019\/08\/image.png","width":2500,"height":2500,"caption":"Lakiasiaintoimisto Trast Oy"},"image":{"@id":"https:\/\/trast.fi\/#\/schema\/logo\/image\/"}}]}},"_links":{"self":[{"href":"https:\/\/trast.fi\/index.php\/wp-json\/wp\/v2\/pages\/79","targetHints":{"allow":["GET"]}}],"collection":[{"href":"https:\/\/trast.fi\/index.php\/wp-json\/wp\/v2\/pages"}],"about":[{"href":"https:\/\/trast.fi\/index.php\/wp-json\/wp\/v2\/types\/page"}],"author":[{"embeddable":true,"href":"https:\/\/trast.fi\/index.php\/wp-json\/wp\/v2\/users\/1"}],"replies":[{"embeddable":true,"href":"https:\/\/trast.fi\/index.php\/wp-json\/wp\/v2\/comments?post=79"}],"version-history":[{"count":172,"href":"https:\/\/trast.fi\/index.php\/wp-json\/wp\/v2\/pages\/79\/revisions"}],"predecessor-version":[{"id":658,"href":"https:\/\/trast.fi\/index.php\/wp-json\/wp\/v2\/pages\/79\/revisions\/658"}],"wp:attachment":[{"href":"https:\/\/trast.fi\/index.php\/wp-json\/wp\/v2\/media?parent=79"}],"curies":[{"name":"wp","href":"https:\/\/api.w.org\/{rel}","templated":true}]}}