{"id":620,"date":"2023-01-10T08:40:57","date_gmt":"2023-01-10T08:40:57","guid":{"rendered":"https:\/\/trast.fi\/?page_id=620"},"modified":"2023-01-10T08:41:00","modified_gmt":"2023-01-10T08:41:00","slug":"sijoittaja","status":"publish","type":"page","link":"https:\/\/trast.fi\/index.php\/sijoittaja\/","title":{"rendered":""},"content":{"rendered":"\t\t<div data-elementor-type=\"wp-page\" data-elementor-id=\"620\" class=\"elementor elementor-620\">\n\t\t\t\t\t\t<section class=\"elementor-section elementor-top-section elementor-element elementor-element-60606c2a elementor-section-boxed elementor-section-height-default elementor-section-height-default\" data-id=\"60606c2a\" data-element_type=\"section\" data-e-type=\"section\">\n\t\t\t\t\t\t<div class=\"elementor-container elementor-column-gap-default\">\n\t\t\t\t\t<div class=\"elementor-column elementor-col-100 elementor-top-column elementor-element elementor-element-6b6903d7\" data-id=\"6b6903d7\" data-element_type=\"column\" data-e-type=\"column\">\n\t\t\t<div class=\"elementor-widget-wrap elementor-element-populated\">\n\t\t\t\t\t\t<div class=\"elementor-element elementor-element-36db469 elementor-widget elementor-widget-heading\" data-id=\"36db469\" data-element_type=\"widget\" data-e-type=\"widget\" data-widget_type=\"heading.default\">\n\t\t\t\t<div class=\"elementor-widget-container\">\n\t\t\t\t\t<h2 class=\"elementor-heading-title elementor-size-default\">Sijoittaja, katoavatko sijoituksesi maailmalle?<\/h2>\t\t\t\t<\/div>\n\t\t\t\t<\/div>\n\t\t\t\t<div class=\"elementor-element elementor-element-336e2956 elementor-widget elementor-widget-text-editor\" data-id=\"336e2956\" data-element_type=\"widget\" data-e-type=\"widget\" data-widget_type=\"text-editor.default\">\n\t\t\t\t<div class=\"elementor-widget-container\">\n\t\t\t\t\t\t\t\t\t\n<div id=\"wp-block-themeisle-blocks-advanced-columns-d85d25f3\" class=\"wp-block-themeisle-blocks-advanced-columns has-0-columns has-desktop-undefined-layout has-tablet-equal-layout has-mobile-equal-layout has-vertical-unset\"><div class=\"wp-block-themeisle-blocks-advanced-columns-overlay\"><\/div><div class=\"innerblocks-wrap\"><\/div><\/div>\n\t\t\t\t\t\t\t\t<\/div>\n\t\t\t\t<\/div>\n\t\t\t\t\t<\/div>\n\t\t<\/div>\n\t\t\t\t\t<\/div>\n\t\t<\/section>\n\t\t\t\t<section class=\"elementor-section elementor-top-section elementor-element elementor-element-15d24c7 elementor-section-boxed elementor-section-height-default elementor-section-height-default\" data-id=\"15d24c7\" data-element_type=\"section\" data-e-type=\"section\">\n\t\t\t\t\t\t<div class=\"elementor-container elementor-column-gap-default\">\n\t\t\t\t\t<div class=\"elementor-column elementor-col-100 elementor-top-column elementor-element elementor-element-cd07c9c\" data-id=\"cd07c9c\" data-element_type=\"column\" data-e-type=\"column\">\n\t\t\t<div class=\"elementor-widget-wrap elementor-element-populated\">\n\t\t\t\t\t\t<div class=\"elementor-element elementor-element-191921e elementor-widget elementor-widget-text-editor\" data-id=\"191921e\" data-element_type=\"widget\" data-e-type=\"widget\" data-widget_type=\"text-editor.default\">\n\t\t\t\t<div class=\"elementor-widget-container\">\n\t\t\t\t\t\t\t\t\t<p>Jos varallisuutta on kertynyt jo yli oman tarpeen, ajatus omaisuuden kartuttamisesta j\u00e4lkipolville tuntuu hyv\u00e4lt\u00e4 ja j\u00e4rkev\u00e4lt\u00e4. Kiitos internetin, aktiiviset sijoittajat l\u00f6yt\u00e4v\u00e4t houkuttelevia sijoitusmahdollisuuksia helposti. Varoja voi sijoittaa paitsi pankkien ja vakuutusyhti\u00f6iden kautta, my\u00f6s suoraan erilaisiin kohteisiin sek\u00e4 kotimaassa ett\u00e4 ulkomailla.<\/p>\n<p>Oikeaoppisesti hajautetussa sijoittamisessa piilee kuitenkin harvoin tiedostettu riski, joka voi johtaa varojen katoamiseen.<\/p>\n<p>Hoitaessani sijoittajien kuolinpesi\u00e4, olen t\u00f6rm\u00e4nnyt seuraavaan ongelmaan. Varoja pit\u00e4isi olla huomattavan paljon, mutta leski tai perilliset eiv\u00e4t tied\u00e4 mihin ne on sijoitettu. Aikaisemmin paperipostia kertyi kansioihin ja niit\u00e4 selaamalla l\u00f6ytyi tiedot talletuksista, vakuutuksista ja muista sijoituksista. Suomalaisista yhti\u00f6ist\u00e4 useimmat l\u00e4hett\u00e4v\u00e4t viel\u00e4kin kuolinpes\u00e4n viimeiseen osoitteeseen tiedon s\u00e4ilytyksess\u00e4\u00e4n olevista varoista. T\u00e4t\u00e4 kautta tieto siis tulee, jos posti tuo kirjeen perille.<\/p>\n<p>Nyky\u00e4\u00e4n valtaosa viesteist\u00e4 ja itse kaupank\u00e4ynti tapahtuu verkkopalveluiden k\u00e4ytt\u00e4j\u00e4tilien kautta. K\u00e4ytt\u00e4j\u00e4tunnukset ja salasanat neuvotaan pit\u00e4m\u00e4\u00e4n vain muistissa, ei paperilla. T\u00e4st\u00e4 seuraa, ett\u00e4 kukaan muu kuin sijoittaja itse ei tied\u00e4, mihin varoja on siirretty.<\/p>\n<p>Kuoleman tapauksen sattuessa tietoja ei l\u00f6ydy mist\u00e4\u00e4n. Kannettava tietokone voi olla rikkoutunut tai kukaan ei tied\u00e4 sen kaikkia salasanoja. Tietokoneella voi my\u00f6s olla niin paljon tiedostoja, ett\u00e4 niiden l\u00e4pi selaaminen vie kuukausia. Vaarana on, ett\u00e4 sijoitetut varat j\u00e4\u00e4v\u00e4t kohteisiinsa pysyv\u00e4sti eiv\u00e4tk\u00e4 koskaan p\u00e4\u00e4dy perillisille, koska kukaan ei tied\u00e4 niist\u00e4.<\/p>\n<p>Miten sitten tulisi toimia? Laadi lista palveluista, joita olet k\u00e4ytt\u00e4nyt sek\u00e4 yhti\u00f6ist\u00e4, joihin tai joiden kautta olet sijoittanut. Yksikertainen lista riitt\u00e4\u00e4, kunhan siihen muistaa lis\u00e4t\u00e4 aina uudet kohteet. Muista nimet\u00e4 lista selke\u00e4sti, esimerkiksi <em>Sijoitukseni<\/em>. Jos sinulla on t\u00e4rkeiden papereiden kansio, tulosta lista sinne s\u00e4\u00e4nn\u00f6llisin v\u00e4liajoin. Jollet k\u00e4yt\u00e4 paperikansioita, voit l\u00e4hett\u00e4\u00e4 listan s\u00e4hk\u00f6postilla s\u00e4\u00e4nn\u00f6llisin v\u00e4liajoin jollekin lapsista, puolisolle tai luottoyst\u00e4v\u00e4lle.<\/p>\n<p>Mik\u00e4li haluat hoitaa asioita sekoittamatta niihin l\u00e4hipiiri\u00e4 ja olet tehnyt esimerkiksi testamentin, jolle on nimetty toimeenpanija, voit l\u00e4hett\u00e4\u00e4 listan h\u00e4nelle.<\/p>\n<p>P\u00e4\u00e4asia on, ett\u00e4 jollakin on kattavat tiedot sijoituksistasi. Listalta ei kannata my\u00f6sk\u00e4\u00e4n poistaa tietoja, ellet ole nostanut varojasi kokonaan itsellesi. Joskus ep\u00e4onnistuneilta n\u00e4ytt\u00e4neet sijoitukset ovat ns her\u00e4nneet henkiin vuosien kuluttua ja tuottaneet voittoa.<\/p>\t\t\t\t\t\t\t\t<\/div>\n\t\t\t\t<\/div>\n\t\t\t\t\t<\/div>\n\t\t<\/div>\n\t\t\t\t\t<\/div>\n\t\t<\/section>\n\t\t\t\t<\/div>\n\t\t","protected":false},"excerpt":{"rendered":"<p>Sijoittaja, katoavatko sijoituksesi maailmalle? Jos varallisuutta on kertynyt jo yli oman tarpeen, ajatus omaisuuden kartuttamisesta j\u00e4lkipolville tuntuu hyv\u00e4lt\u00e4 ja j\u00e4rkev\u00e4lt\u00e4. Kiitos internetin, aktiiviset sijoittajat l\u00f6yt\u00e4v\u00e4t houkuttelevia sijoitusmahdollisuuksia helposti. Varoja voi sijoittaa paitsi pankkien ja vakuutusyhti\u00f6iden kautta, my\u00f6s suoraan erilaisiin kohteisiin sek\u00e4 kotimaassa ett\u00e4 ulkomailla. Oikeaoppisesti hajautetussa sijoittamisessa piilee kuitenkin harvoin tiedostettu riski, joka voi johtaa&hellip;&nbsp;<a href=\"https:\/\/trast.fi\/index.php\/sijoittaja\/\" rel=\"bookmark\">Lue lis\u00e4\u00e4 &raquo;<span class=\"screen-reader-text\"><\/span><\/a><\/p>\n","protected":false},"author":1,"featured_media":0,"parent":0,"menu_order":0,"comment_status":"closed","ping_status":"closed","template":"","meta":{"_monsterinsights_skip_tracking":false,"_monsterinsights_sitenote_active":false,"_monsterinsights_sitenote_note":"","_monsterinsights_sitenote_category":0,"neve_meta_sidebar":"full-width","neve_meta_container":"","neve_meta_enable_content_width":"on","neve_meta_content_width":100,"neve_meta_title_alignment":"","neve_meta_author_avatar":"","neve_post_elements_order":"","neve_meta_disable_header":"","neve_meta_disable_footer":"","neve_meta_disable_title":"","_themeisle_gutenberg_block_has_review":false,"footnotes":""},"class_list":["post-620","page","type-page","status-publish","hentry"],"yoast_head":"<!-- This site is optimized with the Yoast SEO plugin v27.6 - https:\/\/yoast.com\/product\/yoast-seo-wordpress\/ -->\n<title>- Lakiasiaintoimisto Trast Oy<\/title>\n<meta name=\"description\" content=\"Sijoittaja, s\u00e4\u00e4st\u00f6si voivat kadota maailmalle! Sijoittajan kannattaa ryhty\u00e4 aktiivisiin toimiin, jolla varmistaa sijoitusten p\u00e4\u00e4tymisen perillisilleen.\" \/>\n<meta name=\"robots\" content=\"index, follow, max-snippet:-1, max-image-preview:large, max-video-preview:-1\" \/>\n<link rel=\"canonical\" href=\"https:\/\/trast.fi\/index.php\/sijoittaja\/\" \/>\n<meta property=\"og:locale\" content=\"fi_FI\" \/>\n<meta property=\"og:type\" content=\"article\" \/>\n<meta property=\"og:title\" content=\"- Lakiasiaintoimisto Trast Oy\" \/>\n<meta property=\"og:description\" content=\"Sijoittaja, s\u00e4\u00e4st\u00f6si voivat kadota maailmalle! Sijoittajan kannattaa ryhty\u00e4 aktiivisiin toimiin, jolla varmistaa sijoitusten p\u00e4\u00e4tymisen perillisilleen.\" \/>\n<meta property=\"og:url\" content=\"https:\/\/trast.fi\/index.php\/sijoittaja\/\" \/>\n<meta property=\"og:site_name\" content=\"Lakiasiaintoimisto Trast Oy\" \/>\n<meta property=\"article:modified_time\" content=\"2023-01-10T08:41:00+00:00\" \/>\n<meta name=\"twitter:card\" content=\"summary_large_image\" \/>\n<meta name=\"twitter:label1\" content=\"Arvioitu lukuaika\" \/>\n\t<meta name=\"twitter:data1\" content=\"2 minuuttia\" \/>\n<script type=\"application\/ld+json\" class=\"yoast-schema-graph\">{\"@context\":\"https:\\\/\\\/schema.org\",\"@graph\":[{\"@type\":\"WebPage\",\"@id\":\"https:\\\/\\\/trast.fi\\\/index.php\\\/sijoittaja\\\/\",\"url\":\"https:\\\/\\\/trast.fi\\\/index.php\\\/sijoittaja\\\/\",\"name\":\"- Lakiasiaintoimisto Trast Oy\",\"isPartOf\":{\"@id\":\"https:\\\/\\\/trast.fi\\\/#website\"},\"datePublished\":\"2023-01-10T08:40:57+00:00\",\"dateModified\":\"2023-01-10T08:41:00+00:00\",\"description\":\"Sijoittaja, s\u00e4\u00e4st\u00f6si voivat kadota maailmalle! Sijoittajan kannattaa ryhty\u00e4 aktiivisiin toimiin, jolla varmistaa sijoitusten p\u00e4\u00e4tymisen perillisilleen.\",\"inLanguage\":\"fi\",\"potentialAction\":[{\"@type\":\"ReadAction\",\"target\":[\"https:\\\/\\\/trast.fi\\\/index.php\\\/sijoittaja\\\/\"]}]},{\"@type\":\"WebSite\",\"@id\":\"https:\\\/\\\/trast.fi\\\/#website\",\"url\":\"https:\\\/\\\/trast.fi\\\/\",\"name\":\"LTSO Trast Oy\",\"description\":\"Verojuristi Veroasiantuntija\",\"publisher\":{\"@id\":\"https:\\\/\\\/trast.fi\\\/#organization\"},\"potentialAction\":[{\"@type\":\"SearchAction\",\"target\":{\"@type\":\"EntryPoint\",\"urlTemplate\":\"https:\\\/\\\/trast.fi\\\/?s={search_term_string}\"},\"query-input\":{\"@type\":\"PropertyValueSpecification\",\"valueRequired\":true,\"valueName\":\"search_term_string\"}}],\"inLanguage\":\"fi\"},{\"@type\":\"Organization\",\"@id\":\"https:\\\/\\\/trast.fi\\\/#organization\",\"name\":\"Lakiasiaintoimisto Trast Oy\",\"url\":\"https:\\\/\\\/trast.fi\\\/\",\"logo\":{\"@type\":\"ImageObject\",\"inLanguage\":\"fi\",\"@id\":\"https:\\\/\\\/trast.fi\\\/#\\\/schema\\\/logo\\\/image\\\/\",\"url\":\"https:\\/\\/trast.fi\\/wordpress\\/wp-content\\/uploads\\/2019\\/08\\/image.png\",\"contentUrl\":\"https:\\/\\/trast.fi\\/wordpress\\/wp-content\\/uploads\\/2019\\/08\\/image.png\",\"width\":2500,\"height\":2500,\"caption\":\"Lakiasiaintoimisto Trast Oy\"},\"image\":{\"@id\":\"https:\\\/\\\/trast.fi\\\/#\\\/schema\\\/logo\\\/image\\\/\"}}]}<\/script>\n<!-- \/ Yoast SEO plugin. -->","yoast_head_json":{"title":"- Lakiasiaintoimisto Trast Oy","description":"Sijoittaja, s\u00e4\u00e4st\u00f6si voivat kadota maailmalle! Sijoittajan kannattaa ryhty\u00e4 aktiivisiin toimiin, jolla varmistaa sijoitusten p\u00e4\u00e4tymisen perillisilleen.","robots":{"index":"index","follow":"follow","max-snippet":"max-snippet:-1","max-image-preview":"max-image-preview:large","max-video-preview":"max-video-preview:-1"},"canonical":"https:\/\/trast.fi\/index.php\/sijoittaja\/","og_locale":"fi_FI","og_type":"article","og_title":"- Lakiasiaintoimisto Trast Oy","og_description":"Sijoittaja, s\u00e4\u00e4st\u00f6si voivat kadota maailmalle! Sijoittajan kannattaa ryhty\u00e4 aktiivisiin toimiin, jolla varmistaa sijoitusten p\u00e4\u00e4tymisen perillisilleen.","og_url":"https:\/\/trast.fi\/index.php\/sijoittaja\/","og_site_name":"Lakiasiaintoimisto Trast Oy","article_modified_time":"2023-01-10T08:41:00+00:00","twitter_card":"summary_large_image","twitter_misc":{"Arvioitu lukuaika":"2 minuuttia"},"schema":{"@context":"https:\/\/schema.org","@graph":[{"@type":"WebPage","@id":"https:\/\/trast.fi\/index.php\/sijoittaja\/","url":"https:\/\/trast.fi\/index.php\/sijoittaja\/","name":"- Lakiasiaintoimisto Trast Oy","isPartOf":{"@id":"https:\/\/trast.fi\/#website"},"datePublished":"2023-01-10T08:40:57+00:00","dateModified":"2023-01-10T08:41:00+00:00","description":"Sijoittaja, s\u00e4\u00e4st\u00f6si voivat kadota maailmalle! Sijoittajan kannattaa ryhty\u00e4 aktiivisiin toimiin, jolla varmistaa sijoitusten p\u00e4\u00e4tymisen perillisilleen.","inLanguage":"fi","potentialAction":[{"@type":"ReadAction","target":["https:\/\/trast.fi\/index.php\/sijoittaja\/"]}]},{"@type":"WebSite","@id":"https:\/\/trast.fi\/#website","url":"https:\/\/trast.fi\/","name":"LTSO Trast Oy","description":"Verojuristi Veroasiantuntija","publisher":{"@id":"https:\/\/trast.fi\/#organization"},"potentialAction":[{"@type":"SearchAction","target":{"@type":"EntryPoint","urlTemplate":"https:\/\/trast.fi\/?s={search_term_string}"},"query-input":{"@type":"PropertyValueSpecification","valueRequired":true,"valueName":"search_term_string"}}],"inLanguage":"fi"},{"@type":"Organization","@id":"https:\/\/trast.fi\/#organization","name":"Lakiasiaintoimisto Trast Oy","url":"https:\/\/trast.fi\/","logo":{"@type":"ImageObject","inLanguage":"fi","@id":"https:\/\/trast.fi\/#\/schema\/logo\/image\/","url":"https:\/\/mlzxus0mbcli.i.optimole.com\/w:auto\/h:auto\/q:mauto\/f:best\/https:\/\/trast.fi\/wordpress\/wp-content\/uploads\/2019\/08\/image.png","contentUrl":"https:\/\/mlzxus0mbcli.i.optimole.com\/w:auto\/h:auto\/q:mauto\/f:best\/https:\/\/trast.fi\/wordpress\/wp-content\/uploads\/2019\/08\/image.png","width":2500,"height":2500,"caption":"Lakiasiaintoimisto Trast Oy"},"image":{"@id":"https:\/\/trast.fi\/#\/schema\/logo\/image\/"}}]}},"_links":{"self":[{"href":"https:\/\/trast.fi\/index.php\/wp-json\/wp\/v2\/pages\/620","targetHints":{"allow":["GET"]}}],"collection":[{"href":"https:\/\/trast.fi\/index.php\/wp-json\/wp\/v2\/pages"}],"about":[{"href":"https:\/\/trast.fi\/index.php\/wp-json\/wp\/v2\/types\/page"}],"author":[{"embeddable":true,"href":"https:\/\/trast.fi\/index.php\/wp-json\/wp\/v2\/users\/1"}],"replies":[{"embeddable":true,"href":"https:\/\/trast.fi\/index.php\/wp-json\/wp\/v2\/comments?post=620"}],"version-history":[{"count":5,"href":"https:\/\/trast.fi\/index.php\/wp-json\/wp\/v2\/pages\/620\/revisions"}],"predecessor-version":[{"id":625,"href":"https:\/\/trast.fi\/index.php\/wp-json\/wp\/v2\/pages\/620\/revisions\/625"}],"wp:attachment":[{"href":"https:\/\/trast.fi\/index.php\/wp-json\/wp\/v2\/media?parent=620"}],"curies":[{"name":"wp","href":"https:\/\/api.w.org\/{rel}","templated":true}]}}