{"id":270,"date":"2020-10-27T11:19:29","date_gmt":"2020-10-27T11:19:29","guid":{"rendered":"https:\/\/trast.fi\/?page_id=270"},"modified":"2022-11-28T09:51:15","modified_gmt":"2022-11-28T09:51:15","slug":"mita-tapahtuu-kun-uusperheen-vanhempi-kuolee","status":"publish","type":"page","link":"https:\/\/trast.fi\/index.php\/mita-tapahtuu-kun-uusperheen-vanhempi-kuolee\/","title":{"rendered":"Mit\u00e4 tapahtuu, kun uusperheen vanhempi kuolee?"},"content":{"rendered":"\t\t<div data-elementor-type=\"wp-page\" data-elementor-id=\"270\" class=\"elementor elementor-270\">\n\t\t\t\t\t\t<section class=\"elementor-section elementor-top-section elementor-element elementor-element-9f3735a elementor-section-boxed elementor-section-height-default elementor-section-height-default\" data-id=\"9f3735a\" data-element_type=\"section\" data-e-type=\"section\">\n\t\t\t\t\t\t<div class=\"elementor-container elementor-column-gap-default\">\n\t\t\t\t\t<div class=\"elementor-column elementor-col-100 elementor-top-column elementor-element elementor-element-3485cb2\" data-id=\"3485cb2\" data-element_type=\"column\" data-e-type=\"column\">\n\t\t\t<div class=\"elementor-widget-wrap elementor-element-populated\">\n\t\t\t\t\t\t<div class=\"elementor-element elementor-element-d710929 elementor-widget elementor-widget-image\" data-id=\"d710929\" data-element_type=\"widget\" data-e-type=\"widget\" data-widget_type=\"image.default\">\n\t\t\t\t<div class=\"elementor-widget-container\">\n\t\t\t\t\t\t\t\t\t\t\t\t\t\t\t<img data-opt-id=1136253271  fetchpriority=\"high\" decoding=\"async\" width=\"764\" height=\"231\" src=\"https:\/\/mlzxus0mbcli.i.optimole.com\/w:764\/h:231\/q:mauto\/f:best\/https:\/\/trast.fi\/wordpress\/wp-content\/uploads\/2022\/11\/Kapiteeli-e1669627615615.jpeg\" class=\"attachment-large size-large wp-image-583\" alt=\"\" srcset=\"https:\/\/mlzxus0mbcli.i.optimole.com\/w:764\/h:231\/q:mauto\/f:best\/https:\/\/trast.fi\/wordpress\/wp-content\/uploads\/2022\/11\/Kapiteeli-e1669627615615.jpeg 764w, https:\/\/mlzxus0mbcli.i.optimole.com\/w:300\/h:91\/q:mauto\/f:best\/https:\/\/trast.fi\/wordpress\/wp-content\/uploads\/2022\/11\/Kapiteeli-e1669627615615.jpeg 300w\" sizes=\"(max-width: 764px) 100vw, 764px\" \/>\t\t\t\t\t\t\t\t\t\t\t\t\t\t\t<\/div>\n\t\t\t\t<\/div>\n\t\t\t\t\t<\/div>\n\t\t<\/div>\n\t\t\t\t\t<\/div>\n\t\t<\/section>\n\t\t\t\t<section class=\"elementor-section elementor-top-section elementor-element elementor-element-0006cf4 elementor-section-boxed elementor-section-height-default elementor-section-height-default\" data-id=\"0006cf4\" data-element_type=\"section\" data-e-type=\"section\">\n\t\t\t\t\t\t<div class=\"elementor-container elementor-column-gap-default\">\n\t\t\t\t\t<div class=\"elementor-column elementor-col-100 elementor-top-column elementor-element elementor-element-b742e9c\" data-id=\"b742e9c\" data-element_type=\"column\" data-e-type=\"column\">\n\t\t\t<div class=\"elementor-widget-wrap elementor-element-populated\">\n\t\t\t\t\t\t<div class=\"elementor-element elementor-element-d551ae3 elementor-widget elementor-widget-heading\" data-id=\"d551ae3\" data-element_type=\"widget\" data-e-type=\"widget\" data-widget_type=\"heading.default\">\n\t\t\t\t<div class=\"elementor-widget-container\">\n\t\t\t\t\t<h1 class=\"elementor-heading-title elementor-size-default\">Mit\u00e4 tapahtuu, kun uusperheen vanhempi kuolee?<\/h1>\t\t\t\t<\/div>\n\t\t\t\t<\/div>\n\t\t\t\t\t<\/div>\n\t\t<\/div>\n\t\t\t\t\t<\/div>\n\t\t<\/section>\n\t\t\t\t<section class=\"elementor-section elementor-top-section elementor-element elementor-element-d150aa2 elementor-section-boxed elementor-section-height-default elementor-section-height-default\" data-id=\"d150aa2\" data-element_type=\"section\" data-e-type=\"section\">\n\t\t\t\t\t\t<div class=\"elementor-container elementor-column-gap-default\">\n\t\t\t\t\t<div class=\"elementor-column elementor-col-100 elementor-top-column elementor-element elementor-element-b3735f4\" data-id=\"b3735f4\" data-element_type=\"column\" data-e-type=\"column\">\n\t\t\t<div class=\"elementor-widget-wrap elementor-element-populated\">\n\t\t\t\t\t\t<div class=\"elementor-element elementor-element-125f998 elementor-widget elementor-widget-text-editor\" data-id=\"125f998\" data-element_type=\"widget\" data-e-type=\"widget\" data-widget_type=\"text-editor.default\">\n\t\t\t\t<div class=\"elementor-widget-container\">\n\t\t\t\t\t\t\t\t\t<p>Usein miten eloon j\u00e4\u00e4nyt puoliso eli leski hoitaa puolison kuoleman j\u00e4lkeen teht\u00e4v\u00e4t perunkirjoituksen, osituksen ja perinn\u00f6njaon. Monien ilmeisten seikkojen lis\u00e4ksi, ei tulla yleens\u00e4 miettineeksi, ketk\u00e4 j\u00e4\u00e4v\u00e4t hoitamaan asioita uusperheen toisen vanhemman kuoleman j\u00e4lkeen.\u00a0<\/p><p>Edesmenneen puolison ex-puolisoa ei voida ohittaa, jos ositus on edellisen liiton p\u00e4\u00e4tytty\u00e4 j\u00e4\u00e4nyt tekem\u00e4tt\u00e4. T\u00e4ll\u00f6in edellisen eron ositus on teht\u00e4v\u00e4 ensin yhdess\u00e4 ex-puolison kanssa. Jos taas ex-puolisolla ja vainajalla on yhteisi\u00e4 alaik\u00e4isi\u00e4 lapsia, tulee ex-puoliso valvomaan ja vaatimaan lasten oikeuksien toteutumista lasten tahdosta riippumatta.<\/p><p>Mik\u00e4li kaikki eiv\u00e4t ole luontevissa v\u00e4leiss\u00e4 puolisoidensa ex -puolisoiden kanssa, seuraa t\u00e4st\u00e4 p\u00e4\u00e4ttym\u00e4t\u00f6n riita ja vuosia jatkuva ep\u00e4varmuus.<\/p><p>Mik\u00e4li uusperheen vanhemmat eiv\u00e4t ole avioliitossa kesken\u00e4\u00e4n, on tilanne kaikista huonoin. Uusperheen avopuolisolla ei ole oikeutta j\u00e4\u00e4d\u00e4 asumaan perheen yhteist\u00e4 kotia vaan kuolleen puolison osuus jaetaan perint\u00f6n\u00e4 kuolleen puolison lapsille. Uusperheen avopuoliso siis menett\u00e4\u00e4 pahimmassa tapauksessa paitsi puolisonsa my\u00f6s kotinsa. Avoliittolaki ei nimest\u00e4\u00e4n huolimatta suojaa avopuolisoa liiton p\u00e4\u00e4ttyess\u00e4 puolison kuolemaan.<\/p><p>Jos uusperheen vanhemmat olivat avioliitossa kesken\u00e4\u00e4n, saa leski tavallisesti j\u00e4\u00e4d\u00e4 asumaan yhteist\u00e4 kotia, mutta muu omaisuus on ositettava ja kuolleen puolison osuus maksettava t\u00e4m\u00e4n lapsille. Tilanne on siis hieman inhimillisempi, mutta saattaa silti j\u00e4tt\u00e4\u00e4 lesken taloudellisesti varsin ik\u00e4v\u00e4\u00e4n asemaan.<\/p>\t\t\t\t\t\t\t\t<\/div>\n\t\t\t\t<\/div>\n\t\t\t\t\t<\/div>\n\t\t<\/div>\n\t\t\t\t\t<\/div>\n\t\t<\/section>\n\t\t\t\t<section class=\"elementor-section elementor-top-section elementor-element elementor-element-dd77ee2 elementor-section-boxed elementor-section-height-default elementor-section-height-default\" data-id=\"dd77ee2\" data-element_type=\"section\" data-e-type=\"section\">\n\t\t\t\t\t\t<div class=\"elementor-container elementor-column-gap-default\">\n\t\t\t\t\t<div class=\"elementor-column elementor-col-100 elementor-top-column elementor-element elementor-element-948680e\" data-id=\"948680e\" data-element_type=\"column\" data-e-type=\"column\">\n\t\t\t<div class=\"elementor-widget-wrap elementor-element-populated\">\n\t\t\t\t\t\t<div class=\"elementor-element elementor-element-c16f30d elementor-widget elementor-widget-heading\" data-id=\"c16f30d\" data-element_type=\"widget\" data-e-type=\"widget\" data-widget_type=\"heading.default\">\n\t\t\t\t<div class=\"elementor-widget-container\">\n\t\t\t\t\t<h2 class=\"elementor-heading-title elementor-size-default\"><strong>Miten uusperheen vanhemmat voivat suojata toisensa?<\/strong><\/h2>\t\t\t\t<\/div>\n\t\t\t\t<\/div>\n\t\t\t\t\t<\/div>\n\t\t<\/div>\n\t\t\t\t\t<\/div>\n\t\t<\/section>\n\t\t\t\t<section class=\"elementor-section elementor-top-section elementor-element elementor-element-e59a701 elementor-section-boxed elementor-section-height-default elementor-section-height-default\" data-id=\"e59a701\" data-element_type=\"section\" data-e-type=\"section\">\n\t\t\t\t\t\t<div class=\"elementor-container elementor-column-gap-default\">\n\t\t\t\t\t<div class=\"elementor-column elementor-col-100 elementor-top-column elementor-element elementor-element-061623f\" data-id=\"061623f\" data-element_type=\"column\" data-e-type=\"column\">\n\t\t\t<div class=\"elementor-widget-wrap elementor-element-populated\">\n\t\t\t\t\t\t<div class=\"elementor-element elementor-element-27d7880 elementor-widget elementor-widget-text-editor\" data-id=\"27d7880\" data-element_type=\"widget\" data-e-type=\"widget\" data-widget_type=\"text-editor.default\">\n\t\t\t\t<div class=\"elementor-widget-container\">\n\t\t\t\t\t\t\t\t\t<p>Suosittelen kaikkia uusperheiden vanhempia tekem\u00e4\u00e4n testamentin, jossa lesken asema turvataan toisen puolison kuoleman j\u00e4lkeen. V\u00e4hint\u00e4\u00e4nkin tulee turvata leskelle elinik\u00e4inen oikeus asua yhteist\u00e4 kotia. Toiseksi tulee mietti\u00e4, mit\u00e4 muulle omaisuudelle tapahtuu esimerkiksi autolle, kes\u00e4m\u00f6kille ja mahdollisille s\u00e4\u00e4st\u00f6ille. Mik\u00e4li puolisoiden varallisuus asemassa on huomattava ero, kannattaa my\u00f6s laskea, mill\u00e4 leski maksaa tulevaisuudessa v\u00e4ltt\u00e4m\u00e4tt\u00f6m\u00e4t menot.<\/p><p>Jokaisen perheen tilanne on erilainen ja lesken suojan tarve vaihtelee. Tekem\u00e4ll\u00e4 testamentin puolisot voivat suojata toisensa taloudellisilta huolilta tilanteessa, jossa pahin on tapahtunut, puoliso on menehtynyt.<\/p>\t\t\t\t\t\t\t\t<\/div>\n\t\t\t\t<\/div>\n\t\t\t\t\t<\/div>\n\t\t<\/div>\n\t\t\t\t\t<\/div>\n\t\t<\/section>\n\t\t\t\t<\/div>\n\t\t","protected":false},"excerpt":{"rendered":"<p>Mit\u00e4 tapahtuu, kun uusperheen vanhempi kuolee? Usein miten eloon j\u00e4\u00e4nyt puoliso eli leski hoitaa puolison kuoleman j\u00e4lkeen teht\u00e4v\u00e4t perunkirjoituksen, osituksen ja perinn\u00f6njaon. Monien ilmeisten seikkojen lis\u00e4ksi, ei tulla yleens\u00e4 miettineeksi, ketk\u00e4 j\u00e4\u00e4v\u00e4t hoitamaan asioita uusperheen toisen vanhemman kuoleman j\u00e4lkeen.\u00a0 Edesmenneen puolison ex-puolisoa ei voida ohittaa, jos ositus on edellisen liiton p\u00e4\u00e4tytty\u00e4 j\u00e4\u00e4nyt tekem\u00e4tt\u00e4. T\u00e4ll\u00f6in edellisen&hellip;&nbsp;<a href=\"https:\/\/trast.fi\/index.php\/mita-tapahtuu-kun-uusperheen-vanhempi-kuolee\/\" rel=\"bookmark\">Lue lis\u00e4\u00e4 &raquo;<span class=\"screen-reader-text\">Mit\u00e4 tapahtuu, kun uusperheen vanhempi kuolee?<\/span><\/a><\/p>\n","protected":false},"author":1,"featured_media":0,"parent":0,"menu_order":0,"comment_status":"closed","ping_status":"closed","template":"page-templates\/template-pagebuilder-full-width.php","meta":{"_monsterinsights_skip_tracking":false,"_monsterinsights_sitenote_active":false,"_monsterinsights_sitenote_note":"","_monsterinsights_sitenote_category":0,"neve_meta_sidebar":"","neve_meta_container":"","neve_meta_enable_content_width":"","neve_meta_content_width":70,"neve_meta_title_alignment":"","neve_meta_author_avatar":"","neve_post_elements_order":"","neve_meta_disable_header":"","neve_meta_disable_footer":"","neve_meta_disable_title":"","_themeisle_gutenberg_block_has_review":false,"footnotes":""},"class_list":["post-270","page","type-page","status-publish","hentry"],"yoast_head":"<!-- This site is optimized with the Yoast SEO plugin v27.6 - https:\/\/yoast.com\/product\/yoast-seo-wordpress\/ -->\n<title>Mit\u00e4 tapahtuu, kun uusperheen vanhempi kuolee? - Lakiasiaintoimisto Trast Oy<\/title>\n<meta name=\"description\" content=\"Minun, sinun ja meid\u00e4n lapset, kuka perii kenet ja mitk\u00e4 ovat leskeksi j\u00e4\u00e4neen oikeudet? Ketk\u00e4 istuvat p\u00f6yd\u00e4n \u00e4\u00e4reen p\u00e4\u00e4tt\u00e4m\u00e4\u00e4n asioista?\" \/>\n<meta name=\"robots\" content=\"index, follow, max-snippet:-1, max-image-preview:large, max-video-preview:-1\" \/>\n<link rel=\"canonical\" href=\"https:\/\/trast.fi\/index.php\/mita-tapahtuu-kun-uusperheen-vanhempi-kuolee\/\" \/>\n<meta property=\"og:locale\" content=\"fi_FI\" \/>\n<meta property=\"og:type\" content=\"article\" \/>\n<meta property=\"og:title\" content=\"Mit\u00e4 tapahtuu, kun uusperheen vanhempi kuolee? - Lakiasiaintoimisto Trast Oy\" \/>\n<meta property=\"og:description\" content=\"Minun, sinun ja meid\u00e4n lapset, kuka perii kenet ja mitk\u00e4 ovat leskeksi j\u00e4\u00e4neen oikeudet? Ketk\u00e4 istuvat p\u00f6yd\u00e4n \u00e4\u00e4reen p\u00e4\u00e4tt\u00e4m\u00e4\u00e4n asioista?\" \/>\n<meta property=\"og:url\" content=\"https:\/\/trast.fi\/index.php\/mita-tapahtuu-kun-uusperheen-vanhempi-kuolee\/\" \/>\n<meta property=\"og:site_name\" content=\"Lakiasiaintoimisto Trast Oy\" \/>\n<meta property=\"article:modified_time\" content=\"2022-11-28T09:51:15+00:00\" \/>\n<meta property=\"og:image\" content=\"https:\/\/mlzxus0mbcli.i.optimole.com\/w:auto\/h:auto\/q:mauto\/f:best\/https:\/\/trast.fi\/wordpress\/wp-content\/uploads\/2022\/11\/Kapiteeli-e1669627615615.jpeg\" \/>\n<meta name=\"twitter:card\" content=\"summary_large_image\" \/>\n<meta name=\"twitter:label1\" content=\"Arvioitu lukuaika\" \/>\n\t<meta name=\"twitter:data1\" content=\"2 minuuttia\" \/>\n<script type=\"application\/ld+json\" class=\"yoast-schema-graph\">{\"@context\":\"https:\\\/\\\/schema.org\",\"@graph\":[{\"@type\":\"WebPage\",\"@id\":\"https:\\\/\\\/trast.fi\\\/index.php\\\/mita-tapahtuu-kun-uusperheen-vanhempi-kuolee\\\/\",\"url\":\"https:\\\/\\\/trast.fi\\\/index.php\\\/mita-tapahtuu-kun-uusperheen-vanhempi-kuolee\\\/\",\"name\":\"Mit\u00e4 tapahtuu, kun uusperheen vanhempi kuolee? - Lakiasiaintoimisto Trast Oy\",\"isPartOf\":{\"@id\":\"https:\\\/\\\/trast.fi\\\/#website\"},\"primaryImageOfPage\":{\"@id\":\"https:\\\/\\\/trast.fi\\\/index.php\\\/mita-tapahtuu-kun-uusperheen-vanhempi-kuolee\\\/#primaryimage\"},\"image\":{\"@id\":\"https:\\\/\\\/trast.fi\\\/index.php\\\/mita-tapahtuu-kun-uusperheen-vanhempi-kuolee\\\/#primaryimage\"},\"thumbnailUrl\":\"https:\\/\\/trast.fi\\/wordpress\\/wp-content\\/uploads\\/2022\\/11\\/Kapiteeli-e1669627615615.jpeg\",\"datePublished\":\"2020-10-27T11:19:29+00:00\",\"dateModified\":\"2022-11-28T09:51:15+00:00\",\"description\":\"Minun, sinun ja meid\u00e4n lapset, kuka perii kenet ja mitk\u00e4 ovat leskeksi j\u00e4\u00e4neen oikeudet? Ketk\u00e4 istuvat p\u00f6yd\u00e4n \u00e4\u00e4reen p\u00e4\u00e4tt\u00e4m\u00e4\u00e4n asioista?\",\"breadcrumb\":{\"@id\":\"https:\\\/\\\/trast.fi\\\/index.php\\\/mita-tapahtuu-kun-uusperheen-vanhempi-kuolee\\\/#breadcrumb\"},\"inLanguage\":\"fi\",\"potentialAction\":[{\"@type\":\"ReadAction\",\"target\":[\"https:\\\/\\\/trast.fi\\\/index.php\\\/mita-tapahtuu-kun-uusperheen-vanhempi-kuolee\\\/\"]}]},{\"@type\":\"ImageObject\",\"inLanguage\":\"fi\",\"@id\":\"https:\\\/\\\/trast.fi\\\/index.php\\\/mita-tapahtuu-kun-uusperheen-vanhempi-kuolee\\\/#primaryimage\",\"url\":\"https:\\/\\/trast.fi\\/wordpress\\/wp-content\\/uploads\\/2022\\/11\\/Kapiteeli-e1669627615615.jpeg\",\"contentUrl\":\"https:\\/\\/trast.fi\\/wordpress\\/wp-content\\/uploads\\/2022\\/11\\/Kapiteeli-e1669627615615.jpeg\",\"width\":764,\"height\":231},{\"@type\":\"BreadcrumbList\",\"@id\":\"https:\\\/\\\/trast.fi\\\/index.php\\\/mita-tapahtuu-kun-uusperheen-vanhempi-kuolee\\\/#breadcrumb\",\"itemListElement\":[{\"@type\":\"ListItem\",\"position\":1,\"name\":\"Home\",\"item\":\"https:\\\/\\\/trast.fi\\\/\"},{\"@type\":\"ListItem\",\"position\":2,\"name\":\"Mit\u00e4 tapahtuu, kun uusperheen vanhempi kuolee?\"}]},{\"@type\":\"WebSite\",\"@id\":\"https:\\\/\\\/trast.fi\\\/#website\",\"url\":\"https:\\\/\\\/trast.fi\\\/\",\"name\":\"LTSO Trast Oy\",\"description\":\"Verojuristi Veroasiantuntija\",\"publisher\":{\"@id\":\"https:\\\/\\\/trast.fi\\\/#organization\"},\"potentialAction\":[{\"@type\":\"SearchAction\",\"target\":{\"@type\":\"EntryPoint\",\"urlTemplate\":\"https:\\\/\\\/trast.fi\\\/?s={search_term_string}\"},\"query-input\":{\"@type\":\"PropertyValueSpecification\",\"valueRequired\":true,\"valueName\":\"search_term_string\"}}],\"inLanguage\":\"fi\"},{\"@type\":\"Organization\",\"@id\":\"https:\\\/\\\/trast.fi\\\/#organization\",\"name\":\"Lakiasiaintoimisto Trast Oy\",\"url\":\"https:\\\/\\\/trast.fi\\\/\",\"logo\":{\"@type\":\"ImageObject\",\"inLanguage\":\"fi\",\"@id\":\"https:\\\/\\\/trast.fi\\\/#\\\/schema\\\/logo\\\/image\\\/\",\"url\":\"https:\\/\\/trast.fi\\/wordpress\\/wp-content\\/uploads\\/2019\\/08\\/image.png\",\"contentUrl\":\"https:\\/\\/trast.fi\\/wordpress\\/wp-content\\/uploads\\/2019\\/08\\/image.png\",\"width\":2500,\"height\":2500,\"caption\":\"Lakiasiaintoimisto Trast Oy\"},\"image\":{\"@id\":\"https:\\\/\\\/trast.fi\\\/#\\\/schema\\\/logo\\\/image\\\/\"}}]}<\/script>\n<!-- \/ Yoast SEO plugin. -->","yoast_head_json":{"title":"Mit\u00e4 tapahtuu, kun uusperheen vanhempi kuolee? - Lakiasiaintoimisto Trast Oy","description":"Minun, sinun ja meid\u00e4n lapset, kuka perii kenet ja mitk\u00e4 ovat leskeksi j\u00e4\u00e4neen oikeudet? Ketk\u00e4 istuvat p\u00f6yd\u00e4n \u00e4\u00e4reen p\u00e4\u00e4tt\u00e4m\u00e4\u00e4n asioista?","robots":{"index":"index","follow":"follow","max-snippet":"max-snippet:-1","max-image-preview":"max-image-preview:large","max-video-preview":"max-video-preview:-1"},"canonical":"https:\/\/trast.fi\/index.php\/mita-tapahtuu-kun-uusperheen-vanhempi-kuolee\/","og_locale":"fi_FI","og_type":"article","og_title":"Mit\u00e4 tapahtuu, kun uusperheen vanhempi kuolee? - Lakiasiaintoimisto Trast Oy","og_description":"Minun, sinun ja meid\u00e4n lapset, kuka perii kenet ja mitk\u00e4 ovat leskeksi j\u00e4\u00e4neen oikeudet? Ketk\u00e4 istuvat p\u00f6yd\u00e4n \u00e4\u00e4reen p\u00e4\u00e4tt\u00e4m\u00e4\u00e4n asioista?","og_url":"https:\/\/trast.fi\/index.php\/mita-tapahtuu-kun-uusperheen-vanhempi-kuolee\/","og_site_name":"Lakiasiaintoimisto Trast Oy","article_modified_time":"2022-11-28T09:51:15+00:00","og_image":[{"url":"https:\/\/mlzxus0mbcli.i.optimole.com\/w:auto\/h:auto\/q:mauto\/f:best\/https:\/\/trast.fi\/wordpress\/wp-content\/uploads\/2022\/11\/Kapiteeli-e1669627615615.jpeg","type":"","width":"","height":""}],"twitter_card":"summary_large_image","twitter_misc":{"Arvioitu lukuaika":"2 minuuttia"},"schema":{"@context":"https:\/\/schema.org","@graph":[{"@type":"WebPage","@id":"https:\/\/trast.fi\/index.php\/mita-tapahtuu-kun-uusperheen-vanhempi-kuolee\/","url":"https:\/\/trast.fi\/index.php\/mita-tapahtuu-kun-uusperheen-vanhempi-kuolee\/","name":"Mit\u00e4 tapahtuu, kun uusperheen vanhempi kuolee? - Lakiasiaintoimisto Trast Oy","isPartOf":{"@id":"https:\/\/trast.fi\/#website"},"primaryImageOfPage":{"@id":"https:\/\/trast.fi\/index.php\/mita-tapahtuu-kun-uusperheen-vanhempi-kuolee\/#primaryimage"},"image":{"@id":"https:\/\/trast.fi\/index.php\/mita-tapahtuu-kun-uusperheen-vanhempi-kuolee\/#primaryimage"},"thumbnailUrl":"https:\/\/mlzxus0mbcli.i.optimole.com\/w:auto\/h:auto\/q:mauto\/f:best\/https:\/\/trast.fi\/wordpress\/wp-content\/uploads\/2022\/11\/Kapiteeli-e1669627615615.jpeg","datePublished":"2020-10-27T11:19:29+00:00","dateModified":"2022-11-28T09:51:15+00:00","description":"Minun, sinun ja meid\u00e4n lapset, kuka perii kenet ja mitk\u00e4 ovat leskeksi j\u00e4\u00e4neen oikeudet? Ketk\u00e4 istuvat p\u00f6yd\u00e4n \u00e4\u00e4reen p\u00e4\u00e4tt\u00e4m\u00e4\u00e4n asioista?","breadcrumb":{"@id":"https:\/\/trast.fi\/index.php\/mita-tapahtuu-kun-uusperheen-vanhempi-kuolee\/#breadcrumb"},"inLanguage":"fi","potentialAction":[{"@type":"ReadAction","target":["https:\/\/trast.fi\/index.php\/mita-tapahtuu-kun-uusperheen-vanhempi-kuolee\/"]}]},{"@type":"ImageObject","inLanguage":"fi","@id":"https:\/\/trast.fi\/index.php\/mita-tapahtuu-kun-uusperheen-vanhempi-kuolee\/#primaryimage","url":"https:\/\/mlzxus0mbcli.i.optimole.com\/w:auto\/h:auto\/q:mauto\/f:best\/https:\/\/trast.fi\/wordpress\/wp-content\/uploads\/2022\/11\/Kapiteeli-e1669627615615.jpeg","contentUrl":"https:\/\/mlzxus0mbcli.i.optimole.com\/w:auto\/h:auto\/q:mauto\/f:best\/https:\/\/trast.fi\/wordpress\/wp-content\/uploads\/2022\/11\/Kapiteeli-e1669627615615.jpeg","width":764,"height":231},{"@type":"BreadcrumbList","@id":"https:\/\/trast.fi\/index.php\/mita-tapahtuu-kun-uusperheen-vanhempi-kuolee\/#breadcrumb","itemListElement":[{"@type":"ListItem","position":1,"name":"Home","item":"https:\/\/trast.fi\/"},{"@type":"ListItem","position":2,"name":"Mit\u00e4 tapahtuu, kun uusperheen vanhempi kuolee?"}]},{"@type":"WebSite","@id":"https:\/\/trast.fi\/#website","url":"https:\/\/trast.fi\/","name":"LTSO Trast Oy","description":"Verojuristi Veroasiantuntija","publisher":{"@id":"https:\/\/trast.fi\/#organization"},"potentialAction":[{"@type":"SearchAction","target":{"@type":"EntryPoint","urlTemplate":"https:\/\/trast.fi\/?s={search_term_string}"},"query-input":{"@type":"PropertyValueSpecification","valueRequired":true,"valueName":"search_term_string"}}],"inLanguage":"fi"},{"@type":"Organization","@id":"https:\/\/trast.fi\/#organization","name":"Lakiasiaintoimisto Trast Oy","url":"https:\/\/trast.fi\/","logo":{"@type":"ImageObject","inLanguage":"fi","@id":"https:\/\/trast.fi\/#\/schema\/logo\/image\/","url":"https:\/\/mlzxus0mbcli.i.optimole.com\/w:auto\/h:auto\/q:mauto\/f:best\/https:\/\/trast.fi\/wordpress\/wp-content\/uploads\/2019\/08\/image.png","contentUrl":"https:\/\/mlzxus0mbcli.i.optimole.com\/w:auto\/h:auto\/q:mauto\/f:best\/https:\/\/trast.fi\/wordpress\/wp-content\/uploads\/2019\/08\/image.png","width":2500,"height":2500,"caption":"Lakiasiaintoimisto Trast Oy"},"image":{"@id":"https:\/\/trast.fi\/#\/schema\/logo\/image\/"}}]}},"_links":{"self":[{"href":"https:\/\/trast.fi\/index.php\/wp-json\/wp\/v2\/pages\/270","targetHints":{"allow":["GET"]}}],"collection":[{"href":"https:\/\/trast.fi\/index.php\/wp-json\/wp\/v2\/pages"}],"about":[{"href":"https:\/\/trast.fi\/index.php\/wp-json\/wp\/v2\/types\/page"}],"author":[{"embeddable":true,"href":"https:\/\/trast.fi\/index.php\/wp-json\/wp\/v2\/users\/1"}],"replies":[{"embeddable":true,"href":"https:\/\/trast.fi\/index.php\/wp-json\/wp\/v2\/comments?post=270"}],"version-history":[{"count":44,"href":"https:\/\/trast.fi\/index.php\/wp-json\/wp\/v2\/pages\/270\/revisions"}],"predecessor-version":[{"id":609,"href":"https:\/\/trast.fi\/index.php\/wp-json\/wp\/v2\/pages\/270\/revisions\/609"}],"wp:attachment":[{"href":"https:\/\/trast.fi\/index.php\/wp-json\/wp\/v2\/media?parent=270"}],"curies":[{"name":"wp","href":"https:\/\/api.w.org\/{rel}","templated":true}]}}